{"id":447,"date":"2025-08-10T19:35:04","date_gmt":"2025-08-10T19:35:04","guid":{"rendered":"https:\/\/levanadana.com\/about\/"},"modified":"2025-11-20T18:23:17","modified_gmt":"2025-11-20T18:23:17","slug":"about","status":"publish","type":"page","link":"https:\/\/levanadana.com\/fr\/about\/","title":{"rendered":"\u00c0 propos"},"content":{"rendered":"<div class=\"wp-block-uagb-container uagb-block-569269c6 alignfull uagb-is-root-container\"><div class=\"uagb-container-inner-blocks-wrap\">\n<div class=\"wp-block-uagb-container uagb-block-ff59d888\">\n<div class=\"wp-block-uagb-image uagb-block-fecaf88f wp-block-uagb-image--layout-default wp-block-uagb-image--effect-static wp-block-uagb-image--align-none\"><figure class=\"wp-block-uagb-image__figure\"><img decoding=\"async\" srcset=\"https:\/\/levanadana.com\/wp-content\/uploads\/2025\/11\/g7c94ad0311c7398fbf0acd2e6c3bcf8aa0560a25933569bb38a7a486577a744a6913b9c481bcadfe63b51418c77b99cedf7dda9c87b4d2ca36914924639674c1_1280-3481061-1024x640.jpg ,https:\/\/levanadana.com\/wp-content\/uploads\/2025\/11\/g7c94ad0311c7398fbf0acd2e6c3bcf8aa0560a25933569bb38a7a486577a744a6913b9c481bcadfe63b51418c77b99cedf7dda9c87b4d2ca36914924639674c1_1280-3481061.jpg 780w, https:\/\/levanadana.com\/wp-content\/uploads\/2025\/11\/g7c94ad0311c7398fbf0acd2e6c3bcf8aa0560a25933569bb38a7a486577a744a6913b9c481bcadfe63b51418c77b99cedf7dda9c87b4d2ca36914924639674c1_1280-3481061.jpg 360w\" sizes=\"auto, (max-width: 480px) 150px\" src=\"https:\/\/levanadana.com\/wp-content\/uploads\/2025\/11\/g7c94ad0311c7398fbf0acd2e6c3bcf8aa0560a25933569bb38a7a486577a744a6913b9c481bcadfe63b51418c77b99cedf7dda9c87b4d2ca36914924639674c1_1280-3481061-1024x640.jpg\" alt=\"merry christmas, pen, handwriting, writing, letter, paper, note, ink, write, message, diary, desk, calligraphy, text, design, fountain pen, retro, card, vintage, brown paper, brown writing, brown desk, brown design, brown letter, brown vintage, brown retro, brown note\" class=\"uag-image-2980\" width=\"1024\" height=\"640\" title=\"g7c94ad0311c7398fbf0acd2e6c3bcf8aa0560a25933569bb38a7a486577a744a6913b9c481bcadfe63b51418c77b99cedf7dda9c87b4d2ca36914924639674c1_1280-3481061\" loading=\"lazy\" role=\"img\"\/><\/figure><\/div>\n<\/div>\n\n\n\n<div class=\"wp-block-uagb-container uagb-block-2751bafa\">\n<div class=\"wp-block-uagb-advanced-heading uagb-block-6f5d8178\"><h2 class=\"uagb-heading-text\">Quelques mots sur moi<\/h2><\/div>\n\n\n\n<div class=\"wp-block-uagb-advanced-heading uagb-block-2e5c90ac\"><p class=\"uagb-heading-text\">Bonjour, je suis Levana Dana, th\u00e9rapeute certifi\u00e9e en m\u00e9decine naturelle. Mon approche s'articule autour de trois axes compl\u00e9mentaires\u00a0: la naturopathie et la r\u00e9flexologie, sp\u00e9cialis\u00e9es dans la sant\u00e9 f\u00e9minine, et l'\u00e9nerg\u00e9tique int\u00e9gr\u00e9e, qui r\u00e9tablit l'\u00e9quilibre \u00e9motionnel. Je serais ravie de vous accueillir dans mon cabinet \u00e0 J\u00e9rusalem. Mon parcours vers la m\u00e9decine naturelle est une v\u00e9ritable vocation, nourrie par deux convictions.<\/p><\/div>\n<\/div>\n<\/div><\/div>\n\n\n\n<div class=\"wp-block-uagb-container uagb-block-388a2021 alignfull uagb-is-root-container\">\n<div class=\"wp-block-uagb-container uagb-block-8ff967ef\">\n<div class=\"wp-block-uagb-container uagb-block-f8c98eed\">\n<div class=\"wp-block-uagb-container uagb-block-ef736875\">\n<div class=\"wp-block-columns is-layout-flex wp-container-core-columns-is-layout-28f84493 wp-block-columns-is-layout-flex\">\n<div class=\"wp-block-column is-layout-flow wp-block-column-is-layout-flow\">\n<div class=\"wp-block-group is-vertical is-layout-flex wp-container-core-group-is-layout-fe9cc265 wp-block-group-is-layout-flex\">\n<div class=\"wp-block-uagb-advanced-heading uagb-block-70d615bd\"><h4 class=\"uagb-heading-text translation-block\">Aller \u00e0 la racine du bien-\u00eatre<\/h4><\/div>\n\n\n\n<div class=\"wp-block-uagb-advanced-heading uagb-block-2f312fd6\"><p class=\"uagb-heading-text\">\u00c0 la recherche des racines du bien-\u00eatre depuis plusieurs ann\u00e9es, ma curiosit\u00e9 pour la m\u00e9decine holistique n'a cess\u00e9 de cro\u00eetre. J'ai \u00e9t\u00e9 particuli\u00e8rement attir\u00e9e par la capacit\u00e9 de la m\u00e9decine naturelle \u00e0 traiter la maladie \u00e0 son niveau le plus profond. Mon objectif n'est pas simplement de soulager l'inconfort, mais de cibler la cause profonde de vos d\u00e9s\u00e9quilibres pour un bien-\u00eatre durable. Je suis convaincue que le chemin vers la gu\u00e9rison et le bien-\u00eatre peut passer par des m\u00e9thodes naturelles respectueuses du corps. Mon r\u00f4le est de vous accompagner et de vous enseigner les cl\u00e9s pour devenir acteur de votre sant\u00e9, en apprenant \u00e0 mieux prendre soin de vous au quotidien.<\/p><\/div>\n<\/div>\n<\/div>\n\n\n\n<div class=\"wp-block-column is-layout-flow wp-block-column-is-layout-flow\">\n<div class=\"wp-block-uagb-image uagb-block-7c96d1b6 wp-block-uagb-image--layout-default wp-block-uagb-image--effect-static wp-block-uagb-image--align-none\"><figure class=\"wp-block-uagb-image__figure\"><img decoding=\"async\" srcset=\"https:\/\/levanadana.com\/wp-content\/uploads\/2025\/08\/59a16bc2a3339a84d2ba3fe03cc03f34-756x1024.jpg ,https:\/\/levanadana.com\/wp-content\/uploads\/2025\/08\/59a16bc2a3339a84d2ba3fe03cc03f34.jpg 780w, https:\/\/levanadana.com\/wp-content\/uploads\/2025\/08\/59a16bc2a3339a84d2ba3fe03cc03f34.jpg 360w\" sizes=\"auto, (max-width: 480px) 150px\" src=\"https:\/\/levanadana.com\/wp-content\/uploads\/2025\/08\/59a16bc2a3339a84d2ba3fe03cc03f34-756x1024.jpg\" alt=\"\" class=\"uag-image-2337\" width=\"600\" height=\"400\" title=\"59a16bc2a3339a84d2ba3fe03cc03f34\" loading=\"lazy\" role=\"img\"\/><\/figure><\/div>\n<\/div>\n<\/div>\n<\/div>\n\n\n\n<hr class=\"wp-block-separator has-alpha-channel-opacity is-style-wide\"\/>\n\n\n\n<div class=\"wp-block-uagb-container uagb-block-fd9f3296\">\n<div class=\"wp-block-columns is-layout-flex wp-container-core-columns-is-layout-28f84493 wp-block-columns-is-layout-flex\">\n<div class=\"wp-block-column is-layout-flow wp-block-column-is-layout-flow\">\n<div class=\"wp-block-group is-vertical is-layout-flex wp-container-core-group-is-layout-fe9cc265 wp-block-group-is-layout-flex\">\n<div class=\"wp-block-uagb-advanced-heading uagb-block-74e8ac5c\"><h4 class=\"uagb-heading-text translation-block\">\u00c9coute <em>et accompagnement personnalis\u00e9s<\/h4><\/div>\n\n\n\n<div class=\"wp-block-uagb-advanced-heading uagb-block-7384dc5c\"><p class=\"uagb-heading-text\">Lors de nos rencontres, je prends le temps n\u00e9cessaire pour vous \u00e9couter attentivement. Gr\u00e2ce \u00e0 un questionnement approfondi, je cherche \u00e0 comprendre votre histoire, vos besoins et vos aspirations. Chaque personne est unique, c'est pourquoi le programme th\u00e9rapeutique est con\u00e7u sp\u00e9cifiquement pour vous et adapt\u00e9 \u00e0 vos besoins. Mon objectif est de vous guider vers l'\u00e9quilibre et la pleine sant\u00e9.<\/p><\/div>\n<\/div>\n<\/div>\n\n\n\n<div class=\"wp-block-column is-layout-flow wp-block-column-is-layout-flow\">\n<div class=\"wp-block-uagb-image uagb-block-74e81dbc wp-block-uagb-image--layout-default wp-block-uagb-image--effect-static wp-block-uagb-image--align-none\"><figure class=\"wp-block-uagb-image__figure\"><img decoding=\"async\" srcset=\"https:\/\/levanadana.com\/wp-content\/uploads\/2025\/08\/0dfc4646880b213c5bfaa2496f48f3da-820x1024.jpg ,https:\/\/levanadana.com\/wp-content\/uploads\/2025\/08\/0dfc4646880b213c5bfaa2496f48f3da.jpg 780w, https:\/\/levanadana.com\/wp-content\/uploads\/2025\/08\/0dfc4646880b213c5bfaa2496f48f3da.jpg 360w\" sizes=\"auto, (max-width: 480px) 150px\" src=\"https:\/\/levanadana.com\/wp-content\/uploads\/2025\/08\/0dfc4646880b213c5bfaa2496f48f3da-820x1024.jpg\" alt=\"\" class=\"uag-image-2335\" width=\"600\" height=\"400\" title=\"0dfc4646880b213c5bfaa2496f48f3da\" loading=\"lazy\" role=\"img\"\/><\/figure><\/div>\n<\/div>\n<\/div>\n<\/div>\n<\/div>\n<\/div>\n<\/div>\n\n\n\n<div class=\"wp-block-uagb-container uagb-block-0f088b3d alignfull uagb-is-root-container\"><div class=\"uagb-container-inner-blocks-wrap\">\n<div class=\"wp-block-uagb-container uagb-block-efeeba68\">\n<div class=\"wp-block-uagb-advanced-heading uagb-block-22bca905\"><h2 class=\"uagb-heading-text\">Avantages pour la sant\u00e9<\/h2><\/div>\n\n\n\n<div class=\"wp-block-uagb-advanced-heading uagb-block-efc932de\"><h5 class=\"uagb-heading-text\">De plus en plus de personnes sont conscientes des bienfaits du MN pour la sant\u00e9. Selon les recherches, le MN est devenu un domaine populaire et en constante expansion en Isra\u00ebl.<\/h5><\/div>\n\n\n\n<div class=\"wp-block-uagb-container uagb-block-56f5dc10\">\n<div class=\"wp-block-uagb-image uagb-block-8dba259f wp-block-uagb-image--layout-default wp-block-uagb-image--effect-static wp-block-uagb-image--align-none\"><figure class=\"wp-block-uagb-image__figure\"><img decoding=\"async\" srcset=\"https:\/\/levanadana.com\/wp-content\/uploads\/2025\/08\/9210ef95e8788db317576e443d499de1-847x1024.jpg ,https:\/\/levanadana.com\/wp-content\/uploads\/2025\/08\/9210ef95e8788db317576e443d499de1.jpg 780w, https:\/\/levanadana.com\/wp-content\/uploads\/2025\/08\/9210ef95e8788db317576e443d499de1.jpg 360w\" sizes=\"auto, (max-width: 480px) 150px\" src=\"https:\/\/levanadana.com\/wp-content\/uploads\/2025\/08\/9210ef95e8788db317576e443d499de1-847x1024.jpg\" alt=\"\" class=\"uag-image-1948\" width=\"471\" height=\"569\" title=\"9210ef95e8788db317576e443d499de1\" loading=\"lazy\" role=\"img\"\/><\/figure><\/div>\n<\/div>\n<\/div>\n\n\n\n<div class=\"wp-block-uagb-container uagb-block-ed624c63\">\n<div class=\"wp-block-uagb-container uagb-block-e5be18f5\">\n<div class=\"wp-block-uagb-advanced-heading uagb-block-1cf9e4ff\"><h2 class=\"uagb-heading-text\">-01<\/h2><\/div>\n\n\n\n<div class=\"wp-block-uagb-advanced-heading uagb-block-60b4b220\"><h6 class=\"uagb-heading-text\">Elle peut traiter des maladies, \u00eatre utilis\u00e9 en compl\u00e9ment de la m\u00e9decine conventionnelle, \u00e0 titre pr\u00e9ventif ou simplement pour renforcer l'organisme.<\/h6><div class=\"uagb-separator\"><\/div><\/div>\n<\/div>\n\n\n\n<div class=\"wp-block-uagb-container uagb-block-2641599a\">\n<div class=\"wp-block-uagb-advanced-heading uagb-block-505872b9\"><h2 class=\"uagb-heading-text\">-02<\/h2><\/div>\n\n\n\n<div class=\"wp-block-uagb-advanced-heading uagb-block-aa8e7a70\"><h6 class=\"uagb-heading-text\">Elle consid\u00e8re l'individu dans sa globalit\u00e9 (physique, mental et \u00e9motionnel) et offre des soins personnalis\u00e9s \u00e0 chaque personne.<\/h6><div class=\"uagb-separator\"><\/div><\/div>\n<\/div>\n\n\n\n<div class=\"wp-block-uagb-container uagb-block-069770e3\">\n<div class=\"wp-block-uagb-advanced-heading uagb-block-e32ec773\"><h2 class=\"uagb-heading-text\">-03<\/h2><\/div>\n\n\n\n<div class=\"wp-block-uagb-advanced-heading uagb-block-e905ba70\"><h6 class=\"uagb-heading-text\">Son objectif est de trouver et de traiter la v\u00e9ritable cause qui a conduit \u00e0 un d\u00e9s\u00e9quilibre en ne s\u2019attaquant pas seulement aux sympt\u00f4mes du patient.<\/h6><div class=\"uagb-separator\"><\/div><\/div>\n<\/div>\n\n\n\n<div class=\"wp-block-uagb-container uagb-block-d7bb6eb3\">\n<div class=\"wp-block-uagb-advanced-heading uagb-block-54b19e30\"><h2 class=\"uagb-heading-text\">-04<\/h2><\/div>\n\n\n\n<div class=\"wp-block-uagb-advanced-heading uagb-block-c54dcd06\"><h6 class=\"uagb-heading-text\">Il traite de mani\u00e8re naturelle, sans effets secondaires pour la sant\u00e9.<\/h6><div class=\"uagb-separator\"><\/div><\/div>\n<\/div>\n\n\n\n<div class=\"wp-block-uagb-container uagb-block-bf9eb6f3\">\n<div class=\"wp-block-uagb-advanced-heading uagb-block-1b2810f0\"><h2 class=\"uagb-heading-text\">-05<\/h2><\/div>\n\n\n\n<div class=\"wp-block-uagb-advanced-heading uagb-block-1823d021\"><h6 class=\"uagb-heading-text\">Elle ne se limite pas seulement a traiter la maladie mais aussi \u00e0 apporter un bien etre global<\/h6><div class=\"uagb-separator\"><\/div><\/div>\n<\/div>\n<\/div>\n<\/div><\/div>\n\n\n\n<p><\/p>","protected":false},"excerpt":{"rendered":"<p>A Few Words About Me\u200b Hello, I&#8217;m Levana Dana, a certified natural medicine therapist. My approach focuses on three complementary areas: Naturopathy and Reflexology, specializing in women&#8217;s health, and Integrated Energetics, which restores emotional balance. I would be delighted to welcome you to my office in Jerusalem. My path to natural medicine is a true [&hellip;]<\/p>","protected":false},"author":1,"featured_media":0,"parent":0,"menu_order":0,"comment_status":"closed","ping_status":"closed","template":"","meta":{"_uag_custom_page_level_css":"","site-sidebar-layout":"default","site-content-layout":"page-builder","ast-site-content-layout":"full-width-container","site-content-style":"unboxed","site-sidebar-style":"unboxed","ast-global-header-display":"","ast-banner-title-visibility":"","ast-main-header-display":"","ast-hfb-above-header-display":"","ast-hfb-below-header-display":"","ast-hfb-mobile-header-display":"","site-post-title":"disabled","ast-breadcrumbs-content":"","ast-featured-img":"","footer-sml-layout":"","theme-transparent-header-meta":"disabled","adv-header-id-meta":"","stick-header-meta":"","header-above-stick-meta":"","header-main-stick-meta":"","header-below-stick-meta":"","astra-migrate-meta-layouts":"set","ast-page-background-enabled":"default","ast-page-background-meta":{"desktop":{"background-color":"","background-image":"","background-repeat":"repeat","background-position":"center center","background-size":"auto","background-attachment":"scroll","background-type":"","background-media":"","overlay-type":"","overlay-color":"","overlay-opacity":"","overlay-gradient":""},"tablet":{"background-color":"","background-image":"","background-repeat":"repeat","background-position":"center center","background-size":"auto","background-attachment":"scroll","background-type":"","background-media":"","overlay-type":"","overlay-color":"","overlay-opacity":"","overlay-gradient":""},"mobile":{"background-color":"","background-image":"","background-repeat":"repeat","background-position":"center center","background-size":"auto","background-attachment":"scroll","background-type":"","background-media":"","overlay-type":"","overlay-color":"","overlay-opacity":"","overlay-gradient":""}},"ast-content-background-meta":{"desktop":{"background-color":"var(--ast-global-color-5)","background-image":"","background-repeat":"repeat","background-position":"center center","background-size":"auto","background-attachment":"scroll","background-type":"","background-media":"","overlay-type":"","overlay-color":"","overlay-opacity":"","overlay-gradient":""},"tablet":{"background-color":"var(--ast-global-color-5)","background-image":"","background-repeat":"repeat","background-position":"center center","background-size":"auto","background-attachment":"scroll","background-type":"","background-media":"","overlay-type":"","overlay-color":"","overlay-opacity":"","overlay-gradient":""},"mobile":{"background-color":"var(--ast-global-color-5)","background-image":"","background-repeat":"repeat","background-position":"center center","background-size":"auto","background-attachment":"scroll","background-type":"","background-media":"","overlay-type":"","overlay-color":"","overlay-opacity":"","overlay-gradient":""}},"footnotes":""},"class_list":["post-447","page","type-page","status-publish","hentry"],"aioseo_notices":[],"_hostinger_reach_plugin_has_subscription_block":false,"_hostinger_reach_plugin_is_elementor":false,"uagb_featured_image_src":{"full":false,"thumbnail":false,"medium":false,"medium_large":false,"large":false,"1536x1536":false,"2048x2048":false,"trp-custom-language-flag":false},"uagb_author_info":{"display_name":"bocobzz@gmail.com","author_link":"https:\/\/levanadana.com\/fr\/author\/bocobzzgmail-com\/"},"uagb_comment_info":0,"uagb_excerpt":"A Few Words About Me\u200b Hello, I&#8217;m Levana Dana, a certified natural medicine therapist. My approach focuses on three complementary areas: Naturopathy and Reflexology, specializing in women&#8217;s health, and Integrated Energetics, which restores emotional balance. I would be delighted to welcome you to my office in Jerusalem. My path to natural medicine is a true\u2026","_links":{"self":[{"href":"https:\/\/levanadana.com\/fr\/wp-json\/wp\/v2\/pages\/447","targetHints":{"allow":["GET"]}}],"collection":[{"href":"https:\/\/levanadana.com\/fr\/wp-json\/wp\/v2\/pages"}],"about":[{"href":"https:\/\/levanadana.com\/fr\/wp-json\/wp\/v2\/types\/page"}],"author":[{"embeddable":true,"href":"https:\/\/levanadana.com\/fr\/wp-json\/wp\/v2\/users\/1"}],"replies":[{"embeddable":true,"href":"https:\/\/levanadana.com\/fr\/wp-json\/wp\/v2\/comments?post=447"}],"version-history":[{"count":32,"href":"https:\/\/levanadana.com\/fr\/wp-json\/wp\/v2\/pages\/447\/revisions"}],"predecessor-version":[{"id":2981,"href":"https:\/\/levanadana.com\/fr\/wp-json\/wp\/v2\/pages\/447\/revisions\/2981"}],"wp:attachment":[{"href":"https:\/\/levanadana.com\/fr\/wp-json\/wp\/v2\/media?parent=447"}],"curies":[{"name":"wp","href":"https:\/\/api.w.org\/{rel}","templated":true}]}}